{"id":91,"date":"2026-01-01T19:23:47","date_gmt":"2026-01-01T19:23:47","guid":{"rendered":"https:\/\/www.detorvers.nl\/webshop\/?post_type=product&#038;p=91"},"modified":"2026-01-24T08:55:54","modified_gmt":"2026-01-24T08:55:54","slug":"zitting","status":"publish","type":"product","link":"https:\/\/www.detorvers.nl\/webshop\/index.php\/product\/zitting\/","title":{"rendered":"Groe\u00ebte T\u00f6rvers Zitting"},"content":{"rendered":"<p>Op 10 fibberwari is de jaorlikse Groe\u00ebte T\u00f6rvers Zitting.<\/p>\n<p>Ein traditionele zitting die um 20.00 oor begint met ein keur van artieste<\/p>\n<p>die veur \u00f3g op zulle traeje. \u00d3nder andere:<\/p>\n<ul>\n<li>Guusje en Noa<\/li>\n<li>Winnende Leedjes Opus Jocus<\/li>\n<li>Eine buut van Helga Cornelissen<\/li>\n<li>Eine buut Maikel Sonnemans<\/li>\n<li>Oet de Maot<\/li>\n<li>Joekskepel Sch\u00f6d um Laeg<\/li>\n<li>Dixi-Bend Venlo<\/li>\n<\/ul>\n<p>Laot \u00f3g verrasse op deze schoe\u00ebnen aovend<\/p>\n<p>Dees entreebewieze zulle \u00f3g opgesteurd waere met PostNL<\/p>\n<p>&#8217;t Programma bukske kint geej nao betaling gratis downloade via de link beej \u00f3g bestelling<\/p>\n","protected":false},"excerpt":{"rendered":"<p>Entreekaart T\u00f6rvers Zitting<\/p>\n<p>Dinsdaag 10 fibberwari<\/p>\n<p>Maximaal 2 per klant<\/p>\n","protected":false},"featured_media":89,"template":"","meta":[],"product_brand":[],"product_cat":[15],"product_tag":[],"class_list":{"0":"post-91","1":"product","2":"type-product","3":"status-publish","4":"has-post-thumbnail","6":"product_cat-entreebewieze","7":"product_shipping_class-met-postnl","9":"first","10":"outofstock","11":"downloadable","12":"shipping-taxable","13":"purchasable","14":"product-type-simple"},"_links":{"self":[{"href":"https:\/\/www.detorvers.nl\/webshop\/index.php\/wp-json\/wp\/v2\/product\/91","targetHints":{"allow":["GET"]}}],"collection":[{"href":"https:\/\/www.detorvers.nl\/webshop\/index.php\/wp-json\/wp\/v2\/product"}],"about":[{"href":"https:\/\/www.detorvers.nl\/webshop\/index.php\/wp-json\/wp\/v2\/types\/product"}],"wp:featuredmedia":[{"embeddable":true,"href":"https:\/\/www.detorvers.nl\/webshop\/index.php\/wp-json\/wp\/v2\/media\/89"}],"wp:attachment":[{"href":"https:\/\/www.detorvers.nl\/webshop\/index.php\/wp-json\/wp\/v2\/media?parent=91"}],"wp:term":[{"taxonomy":"product_brand","embeddable":true,"href":"https:\/\/www.detorvers.nl\/webshop\/index.php\/wp-json\/wp\/v2\/product_brand?post=91"},{"taxonomy":"product_cat","embeddable":true,"href":"https:\/\/www.detorvers.nl\/webshop\/index.php\/wp-json\/wp\/v2\/product_cat?post=91"},{"taxonomy":"product_tag","embeddable":true,"href":"https:\/\/www.detorvers.nl\/webshop\/index.php\/wp-json\/wp\/v2\/product_tag?post=91"}],"curies":[{"name":"wp","href":"https:\/\/api.w.org\/{rel}","templated":true}]}}